{"id":37,"date":"2023-06-01T01:12:57","date_gmt":"2023-06-01T01:12:57","guid":{"rendered":"https:\/\/demo.cmssuperheroes.com\/themeforest\/wastia\/?page_id=37"},"modified":"2023-06-01T01:12:57","modified_gmt":"2023-06-01T01:12:57","slug":"blog","status":"publish","type":"page","link":"https:\/\/reenwebsite.in10.cdn-alpha.com\/?page_id=37","title":{"rendered":"Our Blog"},"content":{"rendered":"\t\t<div data-elementor-type=\"wp-page\" data-elementor-id=\"37\" class=\"elementor elementor-37\" data-elementor-post-type=\"page\">\n\t\t\t\t\t\t<section class=\"elementor-section elementor-top-section elementor-element elementor-element-93aeaec p-tb-90 p-tb-tablet-40 elementor-section-boxed elementor-section-height-default elementor-section-height-default cms-section-banner-no\" data-id=\"93aeaec\" data-element_type=\"section\" data-e-type=\"section\">\r\n\t\t\t<div class=\"cms-section-banner cms-section-banner-no cms-gradient- relative\"><div class=\"cms-gradient-render\"><\/div><\/div>\t\t\t<div class=\"elementor-container elementor-column-gap-default \" >\r\n\t\t\t        <div class=\"elementor-column elementor-col-100 elementor-top-column elementor-element elementor-element-abc4214\" data-id=\"abc4214\" data-element_type=\"column\" data-e-type=\"column\">\r\n            <div class=\"elementor-widget-wrap elementor-element-populated\">\r\n                \t\t<div class=\"elementor-element elementor-element-c6f8d9f elementor-widget elementor-widget-cms_blog_grid\" data-id=\"c6f8d9f\" data-element_type=\"widget\" data-e-type=\"widget\" data-widget_type=\"cms_blog_grid.default\">\n\t\t\t\t<div class=\"elementor-widget-container\">\n\t\t\t\t\t<div id=\"cms_blog_grid-c6f8d9f\" class=\"cms-grid cms-post-grid cms-grid-1\" data-layout=\"grid\" data-start-page=\"1\" data-max-pages=\"4\" data-total=\"19\" data-perpage=\"6\" data-next-link=\"https:\/\/reenwebsite.in10.cdn-alpha.com\/index.php?rest_route=%2Fwp%2Fv2%2Fpages%2F37&#038;paged=2\">\n    \n    <div class=\"cms-grid-content d-flex flex-col-3 flex-col-laptop3 flex-col-tablet-extra-3 flex-col-tablet-2 flex-col-mobile-extra-2 flex-col-mobile-1 gutter gutter-grid\" style=\"--gutter:40px;--gutter-tablet:30px;--gutter-mobile:20px;\">            <div class=\"cms-item cms-hover-more-1 item-1\">\n                <div class=\"relative overflow-hidden\"><img loading=\"lazy\" width=\"400\" height=\"267\" data-src=\"https:\/\/reenwebsite.in10.cdn-alpha.com\/wp-content\/plugins\/elementor\/assets\/images\/placeholder.png\" title=\"\" alt=\"\" class=\"cms-lazy lazy-loading cms-radius-4 swiper-nav-vert img-cover\" style=\"max-height:267px\" loading=\"lazy\" \/><div class=\"cms-thumb-meta\"><a href=\"https:\/\/reenwebsite.in10.cdn-alpha.com\/?cat=44\" rel=\"tag\">Customer Stories<\/a>, <a href=\"https:\/\/reenwebsite.in10.cdn-alpha.com\/?cat=52\" rel=\"tag\">ESG<\/a>, <a href=\"https:\/\/reenwebsite.in10.cdn-alpha.com\/?cat=45\" rel=\"tag\">Press<\/a>, <a href=\"https:\/\/reenwebsite.in10.cdn-alpha.com\/?cat=47\" rel=\"tag\">Waste management<\/a><\/div>                        <a href=\"https:\/\/reenwebsite.in10.cdn-alpha.com\/?p=1044\" class=\"cms-hover-more btn btn-secondary-lighten btn-hover-primary justify-content-between absolute abs-1\">\n                            Read More                            <i class=\"cmsi-edge-right-up rtl-flip\"><\/i>\n                        <\/a>\n                    <\/div>                    <div class=\"cms-content pt-35 bg-white\">\n                        <h4 class=\"cms-heading font-500 text-line-3\"><a href=\"https:\/\/reenwebsite.in10.cdn-alpha.com\/?p=1044\">AI-Powered Advanced Routing and Data-Driven Waste Operations is Transforming Waste Collection &#8211; Maximizing Efficiency, Reducing Mileage &amp; Emissions\u00a0\u00a0<\/a><\/h4>\n                        <div class=\"cms-excerpt text-15 pt-20 text-line-3\"><\/div>\n                        <div class=\"cms-post-meta cms-post-meta-1 d-flex gap-10\">\n                            <div class=\"date text-secondary-lighten\">March 13, 2025<\/div>\n                            <div class=\"separator\"><\/div>\n                            <div class=\"author\"><a href=\"https:\/\/reenwebsite.in10.cdn-alpha.com\/?author=1\" title=\"Posts by sitemanager\" class=\"\" rel=\"author\">sitemanager<\/a><\/div>\n                        <\/div>\n                    <\/div>\n                            <\/div>\n                    <div class=\"cms-item cms-hover-more-1 item-2\">\n                <div class=\"relative overflow-hidden\"><img loading=\"lazy\" width=\"400\" height=\"267\" data-src=\"https:\/\/reenwebsite.in10.cdn-alpha.com\/wp-content\/plugins\/elementor\/assets\/images\/placeholder.png\" title=\"\" alt=\"\" class=\"cms-lazy lazy-loading cms-radius-4 swiper-nav-vert img-cover\" style=\"max-height:267px\" loading=\"lazy\" \/><div class=\"cms-thumb-meta\"><a href=\"https:\/\/reenwebsite.in10.cdn-alpha.com\/?cat=9\" rel=\"tag\">Uncategorized<\/a><\/div>                        <a href=\"https:\/\/reenwebsite.in10.cdn-alpha.com\/?p=1013\" class=\"cms-hover-more btn btn-secondary-lighten btn-hover-primary justify-content-between absolute abs-1\">\n                            Read More                            <i class=\"cmsi-edge-right-up rtl-flip\"><\/i>\n                        <\/a>\n                    <\/div>                    <div class=\"cms-content pt-35 bg-white\">\n                        <h4 class=\"cms-heading font-500 text-line-3\"><a href=\"https:\/\/reenwebsite.in10.cdn-alpha.com\/?p=1013\">Hvorfor kildesortering er viktig: Alt du trenger \u00e5 vite<\/a><\/h4>\n                        <div class=\"cms-excerpt text-15 pt-20 text-line-3\">Les mer om hvordan kildesortering bidrar positivt til b\u00e5de milj\u00f8et og klimaet, og hvordan Reen kan bist\u00e5 med moderne teknologi.<\/div>\n                        <div class=\"cms-post-meta cms-post-meta-1 d-flex gap-10\">\n                            <div class=\"date text-secondary-lighten\">December 17, 2024<\/div>\n                            <div class=\"separator\"><\/div>\n                            <div class=\"author\"><a href=\"https:\/\/reenwebsite.in10.cdn-alpha.com\/?author=1\" title=\"Posts by sitemanager\" class=\"\" rel=\"author\">sitemanager<\/a><\/div>\n                        <\/div>\n                    <\/div>\n                            <\/div>\n                    <div class=\"cms-item cms-hover-more-1 item-3\">\n                <div class=\"relative overflow-hidden\"><img loading=\"lazy\" width=\"400\" height=\"267\" data-src=\"https:\/\/reenwebsite.in10.cdn-alpha.com\/wp-content\/plugins\/elementor\/assets\/images\/placeholder.png\" title=\"\" alt=\"\" class=\"cms-lazy lazy-loading cms-radius-4 swiper-nav-vert img-cover\" style=\"max-height:267px\" loading=\"lazy\" \/><div class=\"cms-thumb-meta\"><a href=\"https:\/\/reenwebsite.in10.cdn-alpha.com\/?cat=44\" rel=\"tag\">Customer Stories<\/a>, <a href=\"https:\/\/reenwebsite.in10.cdn-alpha.com\/?cat=47\" rel=\"tag\">Waste management<\/a><\/div>                        <a href=\"https:\/\/reenwebsite.in10.cdn-alpha.com\/?p=987\" class=\"cms-hover-more btn btn-secondary-lighten btn-hover-primary justify-content-between absolute abs-1\">\n                            Read More                            <i class=\"cmsi-edge-right-up rtl-flip\"><\/i>\n                        <\/a>\n                    <\/div>                    <div class=\"cms-content pt-35 bg-white\">\n                        <h4 class=\"cms-heading font-500 text-line-3\"><a href=\"https:\/\/reenwebsite.in10.cdn-alpha.com\/?p=987\">Egnesg\u00e5rden Streamlines Waste Management with REEN&#8217;s Innovative Technology!<\/a><\/h4>\n                        <div class=\"cms-excerpt text-15 pt-20 text-line-3\"><\/div>\n                        <div class=\"cms-post-meta cms-post-meta-1 d-flex gap-10\">\n                            <div class=\"date text-secondary-lighten\">November 25, 2024<\/div>\n                            <div class=\"separator\"><\/div>\n                            <div class=\"author\"><a href=\"https:\/\/reenwebsite.in10.cdn-alpha.com\/?author=1\" title=\"Posts by sitemanager\" class=\"\" rel=\"author\">sitemanager<\/a><\/div>\n                        <\/div>\n                    <\/div>\n                            <\/div>\n                    <div class=\"cms-item cms-hover-more-1 item-4\">\n                <div class=\"relative overflow-hidden\"><img loading=\"lazy\" width=\"400\" height=\"267\" data-src=\"https:\/\/reenwebsite.in10.cdn-alpha.com\/wp-content\/plugins\/elementor\/assets\/images\/placeholder.png\" title=\"\" alt=\"\" class=\"cms-lazy lazy-loading cms-radius-4 swiper-nav-vert img-cover\" style=\"max-height:267px\" loading=\"lazy\" \/><div class=\"cms-thumb-meta\"><a href=\"https:\/\/reenwebsite.in10.cdn-alpha.com\/?cat=9\" rel=\"tag\">Uncategorized<\/a><\/div>                        <a href=\"https:\/\/reenwebsite.in10.cdn-alpha.com\/?p=918\" class=\"cms-hover-more btn btn-secondary-lighten btn-hover-primary justify-content-between absolute abs-1\">\n                            Read More                            <i class=\"cmsi-edge-right-up rtl-flip\"><\/i>\n                        <\/a>\n                    <\/div>                    <div class=\"cms-content pt-35 bg-white\">\n                        <h4 class=\"cms-heading font-500 text-line-3\"><a href=\"https:\/\/reenwebsite.in10.cdn-alpha.com\/?p=918\">Effektiv avfallsh\u00e5ndtering \u2013 bedrift<\/a><\/h4>\n                        <div class=\"cms-excerpt text-15 pt-20 text-line-3\"><\/div>\n                        <div class=\"cms-post-meta cms-post-meta-1 d-flex gap-10\">\n                            <div class=\"date text-secondary-lighten\">August 28, 2024<\/div>\n                            <div class=\"separator\"><\/div>\n                            <div class=\"author\"><a href=\"https:\/\/reenwebsite.in10.cdn-alpha.com\/?author=1\" title=\"Posts by sitemanager\" class=\"\" rel=\"author\">sitemanager<\/a><\/div>\n                        <\/div>\n                    <\/div>\n                            <\/div>\n                    <div class=\"cms-item cms-hover-more-1 item-5\">\n                <div class=\"relative overflow-hidden\"><img loading=\"lazy\" width=\"400\" height=\"267\" data-src=\"https:\/\/reenwebsite.in10.cdn-alpha.com\/wp-content\/plugins\/elementor\/assets\/images\/placeholder.png\" title=\"\" alt=\"\" class=\"cms-lazy lazy-loading cms-radius-4 swiper-nav-vert img-cover\" style=\"max-height:267px\" loading=\"lazy\" \/><div class=\"cms-thumb-meta\"><a href=\"https:\/\/reenwebsite.in10.cdn-alpha.com\/?cat=9\" rel=\"tag\">Uncategorized<\/a><\/div>                        <a href=\"https:\/\/reenwebsite.in10.cdn-alpha.com\/?p=905\" class=\"cms-hover-more btn btn-secondary-lighten btn-hover-primary justify-content-between absolute abs-1\">\n                            Read More                            <i class=\"cmsi-edge-right-up rtl-flip\"><\/i>\n                        <\/a>\n                    <\/div>                    <div class=\"cms-content pt-35 bg-white\">\n                        <h4 class=\"cms-heading font-500 text-line-3\"><a href=\"https:\/\/reenwebsite.in10.cdn-alpha.com\/?p=905\">Matsvinn og matavfall \u2013 hvilke tiltak forventes?\u00a0<\/a><\/h4>\n                        <div class=\"cms-excerpt text-15 pt-20 text-line-3\"><\/div>\n                        <div class=\"cms-post-meta cms-post-meta-1 d-flex gap-10\">\n                            <div class=\"date text-secondary-lighten\">August 27, 2024<\/div>\n                            <div class=\"separator\"><\/div>\n                            <div class=\"author\"><a href=\"https:\/\/reenwebsite.in10.cdn-alpha.com\/?author=1\" title=\"Posts by sitemanager\" class=\"\" rel=\"author\">sitemanager<\/a><\/div>\n                        <\/div>\n                    <\/div>\n                            <\/div>\n                    <div class=\"cms-item cms-hover-more-1 item-6\">\n                <div class=\"relative overflow-hidden\"><img loading=\"lazy\" width=\"400\" height=\"267\" data-src=\"https:\/\/reenwebsite.in10.cdn-alpha.com\/wp-content\/plugins\/elementor\/assets\/images\/placeholder.png\" title=\"\" alt=\"\" class=\"cms-lazy lazy-loading cms-radius-4 swiper-nav-vert img-cover\" style=\"max-height:267px\" loading=\"lazy\" \/><div class=\"cms-thumb-meta\"><a href=\"https:\/\/reenwebsite.in10.cdn-alpha.com\/?cat=9\" rel=\"tag\">Uncategorized<\/a><\/div>                        <a href=\"https:\/\/reenwebsite.in10.cdn-alpha.com\/?p=856\" class=\"cms-hover-more btn btn-secondary-lighten btn-hover-primary justify-content-between absolute abs-1\">\n                            Read More                            <i class=\"cmsi-edge-right-up rtl-flip\"><\/i>\n                        <\/a>\n                    <\/div>                    <div class=\"cms-content pt-35 bg-white\">\n                        <h4 class=\"cms-heading font-500 text-line-3\"><a href=\"https:\/\/reenwebsite.in10.cdn-alpha.com\/?p=856\">Spesialavfall<\/a><\/h4>\n                        <div class=\"cms-excerpt text-15 pt-20 text-line-3\">Riktig h\u00e5ndtering av spesialavfall er avgj\u00f8rende for \u00e5 unng\u00e5 alvorlige helse- og milj\u00f8konsekvenser. REEN tilbyr teknologiske l\u00f8sninger for effektiv og sikker h\u00e5ndtering av slikt avfall.<\/div>\n                        <div class=\"cms-post-meta cms-post-meta-1 d-flex gap-10\">\n                            <div class=\"date text-secondary-lighten\">July 5, 2024<\/div>\n                            <div class=\"separator\"><\/div>\n                            <div class=\"author\"><a href=\"https:\/\/reenwebsite.in10.cdn-alpha.com\/?author=1\" title=\"Posts by sitemanager\" class=\"\" rel=\"author\">sitemanager<\/a><\/div>\n                        <\/div>\n                    <\/div>\n                            <\/div>\n        <\/div>\n            <div class=\"cms-grid-pagination\" data-loadmore=\"{&quot;posttype&quot;:&quot;post&quot;,&quot;taxonomy&quot;:&quot;category&quot;,&quot;startPage&quot;:1,&quot;maxPages&quot;:4,&quot;total&quot;:19,&quot;perpage&quot;:&quot;6&quot;,&quot;nextLink&quot;:&quot;https:\\\/\\\/reenwebsite.in10.cdn-alpha.com\\\/index.php?rest_route=%2Fwp%2Fv2%2Fpages%2F37&#038;paged=2&quot;,&quot;pagination_type&quot;:&quot;pagination&quot;,&quot;layout&quot;:&quot;1&quot;,&quot;source&quot;:&quot;&quot;,&quot;orderby&quot;:&quot;date&quot;,&quot;order&quot;:&quot;desc&quot;,&quot;limit&quot;:&quot;6&quot;,&quot;thumbnail_size&quot;:&quot;custom&quot;,&quot;thumbnail_custom_dimension&quot;:{&quot;width&quot;:&quot;400&quot;,&quot;height&quot;:&quot;267&quot;},&quot;num_words&quot;:25,&quot;readmore_text&quot;:&quot;Read More&quot;,&quot;tax&quot;:[]}\" data-query=\"{&quot;post_type&quot;:&quot;post&quot;,&quot;post_status&quot;:&quot;publish&quot;,&quot;posts_per_page&quot;:6,&quot;order&quot;:&quot;desc&quot;,&quot;orderby&quot;:&quot;date&quot;,&quot;tax_query&quot;:{&quot;relation&quot;:&quot;OR&quot;},&quot;post__not_in&quot;:[37]}\">\n                        <nav class=\"navigation posts-pagination ajax\">\n                <div class=\"posts-page-links d-flex\">\n                    <span aria-current=\"page\" class=\"page-numbers current\">1<\/span>\n<a class=\"page-numbers\" href=\"#2\">2<\/a>\n<span class=\"page-numbers dots\">&hellip;<\/span>\n<a class=\"page-numbers\" href=\"#4\">4<\/a>\n<a class=\"next page-numbers\" href=\"#2\"><i class=\"cmsi-edge-right-up text-10 rtl-flip\"><\/i><\/a>                <\/div>\n            <\/nav>\n                <\/div>\n    <\/div>\t\t\t\t<\/div>\n\t\t\t\t<\/div>\n\t\t            <\/div>\r\n        <\/div>\r\n        \t\t\t<\/div>\r\n\t\t<\/section>\r\n\t\t\t\t<\/div>\n\t\t","protected":false},"excerpt":{"rendered":"<p>Batteries, Coffee Read More Wastia Start Recycling Electric Car Batteries To Solve An Ecological Issue With A Circular Solution! We partnered with community to create circular value ecosystem for electric and hybrid vehicle batteries, this will enable scarce raw materials to be reused through&hellip; June 1, 2023 Mike Dooly Coffee, Recycling Read More Stop Recycling [&hellip;]<\/p>\n","protected":false},"author":1,"featured_media":0,"parent":0,"menu_order":20,"comment_status":"closed","ping_status":"closed","template":"","meta":{"footnotes":""},"class_list":["post-37","page","type-page","status-publish","hentry"],"_links":{"self":[{"href":"https:\/\/reenwebsite.in10.cdn-alpha.com\/index.php?rest_route=\/wp\/v2\/pages\/37","targetHints":{"allow":["GET"]}}],"collection":[{"href":"https:\/\/reenwebsite.in10.cdn-alpha.com\/index.php?rest_route=\/wp\/v2\/pages"}],"about":[{"href":"https:\/\/reenwebsite.in10.cdn-alpha.com\/index.php?rest_route=\/wp\/v2\/types\/page"}],"author":[{"embeddable":true,"href":"https:\/\/reenwebsite.in10.cdn-alpha.com\/index.php?rest_route=\/wp\/v2\/users\/1"}],"replies":[{"embeddable":true,"href":"https:\/\/reenwebsite.in10.cdn-alpha.com\/index.php?rest_route=%2Fwp%2Fv2%2Fcomments&post=37"}],"version-history":[{"count":0,"href":"https:\/\/reenwebsite.in10.cdn-alpha.com\/index.php?rest_route=\/wp\/v2\/pages\/37\/revisions"}],"wp:attachment":[{"href":"https:\/\/reenwebsite.in10.cdn-alpha.com\/index.php?rest_route=%2Fwp%2Fv2%2Fmedia&parent=37"}],"curies":[{"name":"wp","href":"https:\/\/api.w.org\/{rel}","templated":true}]}}